{"id":13,"date":"2026-01-25T16:50:54","date_gmt":"2026-01-25T15:50:54","guid":{"rendered":"http:\/\/cecare.servicesit.eu\/?page_id=13"},"modified":"2026-04-17T10:27:38","modified_gmt":"2026-04-17T08:27:38","slug":"about-theme","status":"publish","type":"page","link":"https:\/\/clubcecare.fr\/?page_id=13","title":{"rendered":"A Propos de nous"},"content":{"rendered":"\n<p>Le club est une Association loi 1901 sans but lucratif, affili\u00e9 \u00e0 la SCC (Soci\u00e9t\u00e9 Centrale Canine) et la CNEAC (Commission Nationale d\u2019Education et d\u2019Activit\u00e9s Cynophiles).<br><br>Les moniteurs canins sont form\u00e9s par la CNEAC SCC et sont b\u00e9n\u00e9voles.<br><br>La cotisation demand\u00e9e permet au club de fonctionner.<br><strong>Tous les adh\u00e9rents participent \u00e0 la vie et l\u2019entretien du club.<\/strong><br><br>Les enfants sont les bienvenus avec pr\u00e9sence d\u2019un parent.<br><br>Le club est ouvert le mardi soir \u00e0 17h00 aux heures d&rsquo;hiver et 18h00 aux heures d&rsquo;\u00e9t\u00e9.<br>Venez nous rencontrer pour une prise de contact, d\u00e9couvrir la m\u00e9thode \u00e9ducation positive, \u00e9changer avec les moniteurs<\/p>\n\n\n\n<p class=\"has-base-color has-text-color has-background has-link-color wp-elements-17a9b3ad508f8caec9979fa7686f273f\" style=\"background-color:#7b5b45\">L&rsquo;OBJECTIF DU CLUB<\/p>\n\n\n\n<ul class=\"wp-block-list\">\n<li>Favoriser l\u2019int\u00e9gration du chien dans notre soci\u00e9t\u00e9.<\/li>\n\n\n\n<li>Apporter une \u00e9ducation adapt\u00e9e au bin\u00f4me ma\u00eetre chien.<\/li>\n\n\n\n<li>D\u00e9velopper le respect et la complicit\u00e9 au travers de diff\u00e9rentes activit\u00e9s.<\/li>\n<\/ul>\n\n\n\n<p class=\"has-base-color has-text-color has-background has-link-color wp-elements-3bc1447a39322d2800e93e2bb091e0d6\" style=\"background-color:#7b5b45\">LES ACTIVIT\u00c9S DU CLUB<\/p>\n\n\n\n<div class=\"wp-block-columns is-layout-flex wp-container-core-columns-is-layout-28f84493 wp-block-columns-is-layout-flex\">\n<div class=\"wp-block-column is-layout-flow wp-block-column-is-layout-flow\">\n<p>Ecole du Chiot<\/p>\n\n\n\n<figure class=\"wp-block-image size-medium is-resized\"><img loading=\"lazy\" decoding=\"async\" width=\"300\" height=\"212\" src=\"https:\/\/clubcecare.fr\/wp-content\/uploads\/2026\/02\/20260203_160153-Copy-300x212.jpg\" alt=\"\" class=\"wp-image-223\" style=\"box-shadow:var(--wp--preset--shadow--natural);object-fit:contain;width:200px;height:200px\" srcset=\"https:\/\/clubcecare.fr\/wp-content\/uploads\/2026\/02\/20260203_160153-Copy-300x212.jpg 300w, https:\/\/clubcecare.fr\/wp-content\/uploads\/2026\/02\/20260203_160153-Copy-1024x725.jpg 1024w, https:\/\/clubcecare.fr\/wp-content\/uploads\/2026\/02\/20260203_160153-Copy-768x544.jpg 768w, https:\/\/clubcecare.fr\/wp-content\/uploads\/2026\/02\/20260203_160153-Copy-1536x1087.jpg 1536w, https:\/\/clubcecare.fr\/wp-content\/uploads\/2026\/02\/20260203_160153-Copy.jpg 1838w\" sizes=\"auto, (max-width: 300px) 100vw, 300px\" \/><\/figure>\n\n\n\n<div class=\"wp-block-buttons is-content-justification-left is-layout-flex wp-container-core-buttons-is-layout-fc4fd283 wp-block-buttons-is-layout-flex\">\n<div class=\"wp-block-button has-custom-width wp-block-button__width-75\"><a class=\"wp-block-button__link has-luminous-vivid-amber-color has-primary-background-color has-text-color has-background has-link-color has-small-font-size has-custom-font-size wp-element-button\" href=\"https:\/\/clubcecare.fr\/?page_id=255\">D\u00e9couvrir<\/a><\/div>\n<\/div>\n<\/div>\n\n\n\n<div class=\"wp-block-column is-layout-flow wp-block-column-is-layout-flow\">\n<p>Cours d&rsquo;Education<\/p>\n\n\n\n<figure class=\"wp-block-image size-medium is-resized\"><img loading=\"lazy\" decoding=\"async\" width=\"200\" height=\"300\" src=\"https:\/\/clubcecare.fr\/wp-content\/uploads\/2026\/01\/LP1_4984-200x300.jpg\" alt=\"\" class=\"wp-image-43\" style=\"box-shadow:var(--wp--preset--shadow--natural);object-fit:contain;width:200px;height:200px\" srcset=\"https:\/\/clubcecare.fr\/wp-content\/uploads\/2026\/01\/LP1_4984-200x300.jpg 200w, https:\/\/clubcecare.fr\/wp-content\/uploads\/2026\/01\/LP1_4984.jpg 400w\" sizes=\"auto, (max-width: 200px) 100vw, 200px\" \/><\/figure>\n\n\n\n<div class=\"wp-block-buttons is-content-justification-left is-layout-flex wp-container-core-buttons-is-layout-fc4fd283 wp-block-buttons-is-layout-flex\">\n<div class=\"wp-block-button has-custom-width wp-block-button__width-75\"><a class=\"wp-block-button__link has-luminous-vivid-amber-color has-primary-background-color has-text-color has-background has-link-color has-small-font-size has-custom-font-size wp-element-button\" href=\"https:\/\/clubcecare.fr\/?page_id=264\">D\u00e9couvrir<\/a><\/div>\n<\/div>\n<\/div>\n\n\n\n<div class=\"wp-block-column is-layout-flow wp-block-column-is-layout-flow\">\n<p>Cours d&rsquo;Agility<\/p>\n\n\n\n<figure class=\"wp-block-image size-medium is-resized\"><img loading=\"lazy\" decoding=\"async\" width=\"300\" height=\"282\" src=\"https:\/\/clubcecare.fr\/wp-content\/uploads\/2026\/01\/Agi-e1770327025205-300x282.png\" alt=\"\" class=\"wp-image-39\" style=\"object-fit:contain;width:200px;height:200px\" srcset=\"https:\/\/clubcecare.fr\/wp-content\/uploads\/2026\/01\/Agi-e1770327025205-300x282.png 300w, https:\/\/clubcecare.fr\/wp-content\/uploads\/2026\/01\/Agi-e1770327025205.png 520w\" sizes=\"auto, (max-width: 300px) 100vw, 300px\" \/><\/figure>\n\n\n\n<div class=\"wp-block-buttons is-content-justification-left is-layout-flex wp-container-core-buttons-is-layout-fc4fd283 wp-block-buttons-is-layout-flex\">\n<div class=\"wp-block-button has-custom-width wp-block-button__width-75\"><a class=\"wp-block-button__link has-luminous-vivid-amber-color has-text-color has-background has-link-color wp-element-button\" href=\"https:\/\/clubcecare.fr\/?page_id=196\" style=\"background-color:#0c3923\">D\u00e9couvrir<\/a><\/div>\n<\/div>\n<\/div>\n\n\n\n<div class=\"wp-block-column is-layout-flow wp-block-column-is-layout-flow\">\n<p>Cours de Hoopers<\/p>\n\n\n\n<figure class=\"wp-block-image size-large is-resized\"><img loading=\"lazy\" decoding=\"async\" width=\"975\" height=\"1024\" src=\"https:\/\/clubcecare.fr\/wp-content\/uploads\/2026\/02\/517738261_30912963858288909_280937605967481463_n-975x1024.jpg\" alt=\"\" class=\"wp-image-232\" style=\"object-fit:contain;width:200px;height:200px\" srcset=\"https:\/\/clubcecare.fr\/wp-content\/uploads\/2026\/02\/517738261_30912963858288909_280937605967481463_n-975x1024.jpg 975w, https:\/\/clubcecare.fr\/wp-content\/uploads\/2026\/02\/517738261_30912963858288909_280937605967481463_n-286x300.jpg 286w, https:\/\/clubcecare.fr\/wp-content\/uploads\/2026\/02\/517738261_30912963858288909_280937605967481463_n-768x807.jpg 768w, https:\/\/clubcecare.fr\/wp-content\/uploads\/2026\/02\/517738261_30912963858288909_280937605967481463_n.jpg 1149w\" sizes=\"auto, (max-width: 975px) 100vw, 975px\" \/><\/figure>\n\n\n\n<div class=\"wp-block-buttons is-layout-flex wp-block-buttons-is-layout-flex\">\n<div class=\"wp-block-button has-custom-width wp-block-button__width-75\"><a class=\"wp-block-button__link has-luminous-vivid-amber-color has-text-color has-background has-link-color wp-element-button\" href=\"https:\/\/clubcecare.fr\/?page_id=244\" style=\"background-color:#0c3923\">D\u00e9couvrir<\/a><\/div>\n<\/div>\n<\/div>\n<\/div>\n","protected":false},"excerpt":{"rendered":"<p>Le club est une Association loi 1901 sans but lucratif, affili\u00e9 \u00e0 la SCC (Soci\u00e9t\u00e9 Centrale Canine) et la CNEAC (Commission Nationale d\u2019Education et d\u2019Activit\u00e9s Cynophiles). Les moniteurs canins sont form\u00e9s par la CNEAC SCC et sont b\u00e9n\u00e9voles. La cotisation demand\u00e9e permet au club de fonctionner.Tous les adh\u00e9rents participent \u00e0 la vie et l\u2019entretien du [&hellip;]<\/p>\n","protected":false},"author":1,"featured_media":0,"parent":0,"menu_order":0,"comment_status":"closed","ping_status":"closed","template":"page-with-no-sidebar","meta":{"footnotes":""},"class_list":["post-13","page","type-page","status-publish","hentry"],"_links":{"self":[{"href":"https:\/\/clubcecare.fr\/index.php?rest_route=\/wp\/v2\/pages\/13","targetHints":{"allow":["GET"]}}],"collection":[{"href":"https:\/\/clubcecare.fr\/index.php?rest_route=\/wp\/v2\/pages"}],"about":[{"href":"https:\/\/clubcecare.fr\/index.php?rest_route=\/wp\/v2\/types\/page"}],"author":[{"embeddable":true,"href":"https:\/\/clubcecare.fr\/index.php?rest_route=\/wp\/v2\/users\/1"}],"replies":[{"embeddable":true,"href":"https:\/\/clubcecare.fr\/index.php?rest_route=%2Fwp%2Fv2%2Fcomments&post=13"}],"version-history":[{"count":1,"href":"https:\/\/clubcecare.fr\/index.php?rest_route=\/wp\/v2\/pages\/13\/revisions"}],"predecessor-version":[{"id":444,"href":"https:\/\/clubcecare.fr\/index.php?rest_route=\/wp\/v2\/pages\/13\/revisions\/444"}],"wp:attachment":[{"href":"https:\/\/clubcecare.fr\/index.php?rest_route=%2Fwp%2Fv2%2Fmedia&parent=13"}],"curies":[{"name":"wp","href":"https:\/\/api.w.org\/{rel}","templated":true}]}}