{"id":196,"date":"2026-02-02T23:46:03","date_gmt":"2026-02-02T22:46:03","guid":{"rendered":"http:\/\/cecare.servicesit.eu\/?page_id=196"},"modified":"2026-04-15T21:34:38","modified_gmt":"2026-04-15T19:34:38","slug":"agility","status":"publish","type":"page","link":"https:\/\/clubcecare.fr\/?page_id=196","title":{"rendered":"L&rsquo;Agility"},"content":{"rendered":"\n<figure class=\"wp-block-gallery has-nested-images columns-default is-cropped wp-block-gallery-1 is-layout-flex wp-block-gallery-is-layout-flex\">\n<figure class=\"wp-block-image size-large\"><img loading=\"lazy\" decoding=\"async\" width=\"520\" height=\"488\" data-id=\"39\" src=\"https:\/\/clubcecare.fr\/wp-content\/uploads\/2026\/01\/Agi-e1770327025205.png\" alt=\"\" class=\"wp-image-39\" srcset=\"https:\/\/clubcecare.fr\/wp-content\/uploads\/2026\/01\/Agi-e1770327025205.png 520w, https:\/\/clubcecare.fr\/wp-content\/uploads\/2026\/01\/Agi-e1770327025205-300x282.png 300w\" sizes=\"auto, (max-width: 520px) 100vw, 520px\" \/><\/figure>\n\n\n\n<figure class=\"wp-block-image size-large\"><img loading=\"lazy\" decoding=\"async\" width=\"350\" height=\"256\" data-id=\"238\" src=\"https:\/\/clubcecare.fr\/wp-content\/uploads\/2026\/02\/509265889_30495851340000165_31454503023851220_n-1-e1770328194881.jpg\" alt=\"\" class=\"wp-image-238\" srcset=\"https:\/\/clubcecare.fr\/wp-content\/uploads\/2026\/02\/509265889_30495851340000165_31454503023851220_n-1-e1770328194881.jpg 350w, https:\/\/clubcecare.fr\/wp-content\/uploads\/2026\/02\/509265889_30495851340000165_31454503023851220_n-1-e1770328194881-300x219.jpg 300w\" sizes=\"auto, (max-width: 350px) 100vw, 350px\" \/><\/figure>\n\n\n\n<figure class=\"wp-block-image size-large\"><img loading=\"lazy\" decoding=\"async\" width=\"600\" height=\"400\" data-id=\"41\" src=\"https:\/\/clubcecare.fr\/wp-content\/uploads\/2026\/01\/hLP1_5004.jpg\" alt=\"\" class=\"wp-image-41\" srcset=\"https:\/\/clubcecare.fr\/wp-content\/uploads\/2026\/01\/hLP1_5004.jpg 600w, https:\/\/clubcecare.fr\/wp-content\/uploads\/2026\/01\/hLP1_5004-300x200.jpg 300w\" sizes=\"auto, (max-width: 600px) 100vw, 600px\" \/><\/figure>\n<\/figure>\n\n\n\n<p class=\"has-large-font-size\"><strong>Le principe de l&rsquo;agility<\/strong><\/p>\n\n\n\n<div class=\"wp-block-columns is-layout-flex wp-container-core-columns-is-layout-28f84493 wp-block-columns-is-layout-flex\">\n<div class=\"wp-block-column is-vertically-aligned-center is-layout-flow wp-block-column-is-layout-flow\" style=\"border-style:none;border-width:0px;border-top-left-radius:1px;border-top-right-radius:1px;border-bottom-left-radius:1px;border-bottom-right-radius:1px;flex-basis:66.66%\">\n<p>Cr\u00e9\u00e9e par des passionn\u00e9s pour offrir \u00e0 tout propri\u00e9taire de chien un choix nouveau dans le panel des disciplines sportives ouvertes aux canid\u00e9s, l\u2019agility est un sport \u00e0 part enti\u00e8re o\u00f9 ma\u00eetre et chien \u00e9voluent en toute complicit\u00e9 sur des parcours d\u2019obstacles \u00e9labor\u00e9s, r\u00e9fl\u00e9chis.<\/p>\n\n\n\n<p>La comp\u00e9tition est accessible aux chiens ayant 18 mois et ouverte \u00e0 tous les ma\u00eetres sous condition d&rsquo;avoir obtenu le CAESC ou CSAU et le PASS AGILITY.<\/p>\n\n\n\n<p>L\u2019agility se pratique au rythme de chacun, ma\u00eetre, chien, pour le plaisir et la complicit\u00e9 du bin\u00f4me.<\/p>\n<\/div>\n\n\n\n<div class=\"wp-block-column has-border-color has-cyan-bluish-gray-border-color has-background is-layout-flow wp-block-column-is-layout-flow\" style=\"border-width:2px;background-color:#7b5b45;padding-top:5px;padding-right:5px;padding-bottom:5px;padding-left:5px;flex-basis:33.33%\">\n<p class=\"has-secondary-third-color has-text-color has-link-color wp-elements-822a49fe6bca8bdedc948be72580c76d\" style=\"padding-top:0;padding-right:10px;padding-bottom:0;padding-left:10px\"><strong>Le cartable du chien<\/strong><\/p>\n\n\n\n<p class=\"has-secondary-third-color has-text-color has-link-color wp-elements-a73094f53704f34f0d7051201584b5e2\" style=\"padding-right:10px;padding-left:10px\">Pour venir au cours, votre chien doit avoir&nbsp;:<\/p>\n\n\n\n<ul class=\"wp-block-list\">\n<li class=\"has-secondary-third-color has-text-color has-link-color wp-elements-a6f06e9c68af66fa28a56dc2c1cc09c5\" style=\"padding-right:10px;padding-left:10px\">1 laisse de 110 cm<\/li>\n\n\n\n<li class=\"has-secondary-third-color has-text-color has-link-color wp-elements-25b77e3d18291ff86ff246f49c9b36b6\" style=\"padding-right:10px;padding-left:10px\">1 collier plat<\/li>\n\n\n\n<li class=\"has-secondary-third-color has-text-color has-link-color wp-elements-e59c833cd32b4ee90e808ba48f2ba1ad\" style=\"padding-right:10px;padding-left:10px\">1 gamelle avec de l\u2019eau<\/li>\n\n\n\n<li class=\"has-secondary-third-color has-text-color has-link-color wp-elements-f8a377e1a02e0d927af26ae9ebe5e02b\" style=\"padding-right:10px;padding-left:10px\">1 jouet<\/li>\n\n\n\n<li class=\"has-secondary-third-color has-text-color has-link-color wp-elements-037cb62d976c1d85254f4b111ce9092d\" style=\"padding-right:10px;padding-left:10px\">des friandises<\/li>\n\n\n\n<li class=\"has-secondary-third-color has-text-color has-link-color wp-elements-fbc3ddd837b6017ca18e944f985b3b7e\" style=\"padding-right:10px;padding-left:10px\">des poches \u00e0 d\u00e9jections<\/li>\n<\/ul>\n\n\n\n<p class=\"has-secondary-third-color has-text-color has-link-color wp-elements-6d5b2d82ec125b8a6757e4e80f575eb7\" style=\"padding-right:10px;padding-left:10px\">Le ma\u00eetre doit \u00eatre muni des documents du chien.<\/p>\n<\/div>\n<\/div>\n\n\n\n<p><strong>L\u2019agility, c\u2019est bouger autrement avec son chien<\/strong><\/p>\n\n\n\n<p>Un jeu complice o\u00f9 maitre et chien sont associ\u00e9s pour arriver au bout du parcours avec un minimum de p\u00e9nalit\u00e9s dans un temps d\u00e9fini par le juge. N\u2019utilisant que sa voix et sa gestuelle, sans laisse ni collier.<\/p>\n\n\n\n<p>Discipline ludique par excellence dont la base reste une \u00e9ducation du ma\u00eetre et du chien. L\u2019agility est ouverte \u00e0 toutes et tous sans \u00e2ge limite. L\u2019agility, c\u2019est un jeu d\u2019adresse qui allie \u00e9ducation, complicit\u00e9, v\u00e9locit\u00e9 avec comme tous les jeux sportifs quelques r\u00e8gles. L\u2019agility, c\u2019est se maintenir en forme, c\u2019est faire des rencontres toute l\u2019ann\u00e9e sur des terrains.<\/p>\n\n\n\n<p class=\"has-text-align-center\"><em>Petits et grands<\/em><br><em>Qu\u2019il s\u2019agisse du maitre ou du chien<\/em><br><em>L\u2019agility est un sport pour tous<\/em><\/p>\n\n\n\n<p>Pour les plus petits (les&nbsp;jeunes conducteurs), c\u2019est \u00e0 partir de l\u2019\u00e2ge o\u00f9 on est capable de m\u00e9moriser le parcours et conduire son chien, jusqu\u2019\u00e0 quatorze ans.<br>Pour les grands (les seniors), de quatorze ans \u00e0 la sagesse de l\u2019\u00e2ge, sans autre limite que celle que vous fixerez.<\/p>\n\n\n\n<p>Il existe aussi une&nbsp;classe handi&nbsp;avec 7 classes de handicap.<\/p>\n\n\n\n<p>Pour nos compagnons \u00e0 quatre pattes, du plus petit au plus grand. Ils sont r\u00e9partis en cat\u00e9gories en fonction de leur taille au garrot. Au nombre de quatre :<\/p>\n\n\n\n<ul class=\"wp-block-list\">\n<li>Cat\u00e9gorie S : moins de 35 cm<\/li>\n\n\n\n<li>Cat\u00e9gorie M : de 35 cm \u00e0 moins de 43 cm<\/li>\n\n\n\n<li>Cat\u00e9gorie I&nbsp;: de 43 \u00e0 moins de 48 cm<\/li>\n\n\n\n<li>Cat\u00e9gorie L : de 48 cm et plus<\/li>\n<\/ul>\n\n\n\n<p>Rejoignez cette grande famille, nous sommes tout pr\u00e8s de chez vous.Vous pouvez lui offrir autre chose qu\u2019une laisse et un collier.<br>Offrez-lui des copains, des complices\u2026 Offrez-vous de nouveaux amis.<\/p>\n\n\n\n<hr class=\"wp-block-separator has-alpha-channel-opacity\"\/>\n\n\n\n<p class=\"has-background\" style=\"background-color:#a99182\">R\u00e9server vos cours<\/p>\n\n\n<p>Connecte-toi pour voir tes r\u00e9servations.<\/p>\n\n\n\n<hr class=\"wp-block-separator has-alpha-channel-opacity\"\/>\n\n\n<style>\n.apa-member-week a,\n.apa-member-week a:visited,\n.apa-member-week a:hover,\n.apa-member-week a:focus {\n    color: #000 !important;\n}\n.apa-member-week .button,\n.apa-member-week .button:visited,\n.apa-member-week .button:hover,\n.apa-member-week .button:focus {\n    color: #000 !important;\n}\n<\/style><div class=\"apa-member-week\" id=\"apa-member-week\"><div style=\"display:flex;justify-content:space-between;align-items:center;gap:12px;flex-wrap:wrap;margin-bottom:12px;\"><h3 style=\"margin:0;font-size:22px;line-height:1.2;\">Planning adh\u00e9rents \u2013 vue semaine<\/h3><div style=\"display:flex;gap:8px;align-items:center;flex-wrap:wrap;\"><a class=\"button\" href=\"https:\/\/clubcecare.fr\/?page_id=196&#038;apa_member_week=2026-04-06#apa-member-week\"><span style=\"color:#000;\">\u2190 Semaine pr\u00e9c\u00e9dente<\/span><\/a><strong style=\"font-size:14px;\">13\/04\/2026 \u2192 19\/04\/2026<\/strong><a class=\"button\" href=\"https:\/\/clubcecare.fr\/?page_id=196&#038;apa_member_week=2026-04-20#apa-member-week\"><span style=\"color:#000;\">Semaine suivante \u2192<\/span><\/a><\/div><\/div><p style=\"margin:0 0 12px 0;font-size:13px;\">R\u00e9servation autoris\u00e9e jusqu\u2019\u00e0 <strong>30 jour(s)<\/strong> \u00e0 l\u2019avance.<\/p><p>Aucun cr\u00e9neau adh\u00e9rent sur cette semaine.<\/p><\/div>\n\n\n\n<p><\/p>\n","protected":false},"excerpt":{"rendered":"<p>Le principe de l&rsquo;agility Cr\u00e9\u00e9e par des passionn\u00e9s pour offrir \u00e0 tout propri\u00e9taire de chien un choix nouveau dans le panel des disciplines sportives ouvertes aux canid\u00e9s, l\u2019agility est un sport \u00e0 part enti\u00e8re o\u00f9 ma\u00eetre et chien \u00e9voluent en toute complicit\u00e9 sur des parcours d\u2019obstacles \u00e9labor\u00e9s, r\u00e9fl\u00e9chis. La comp\u00e9tition est accessible aux chiens ayant [&hellip;]<\/p>\n","protected":false},"author":1,"featured_media":0,"parent":0,"menu_order":0,"comment_status":"closed","ping_status":"closed","template":"page-with-no-sidebar","meta":{"footnotes":""},"class_list":["post-196","page","type-page","status-publish","hentry"],"_links":{"self":[{"href":"https:\/\/clubcecare.fr\/index.php?rest_route=\/wp\/v2\/pages\/196","targetHints":{"allow":["GET"]}}],"collection":[{"href":"https:\/\/clubcecare.fr\/index.php?rest_route=\/wp\/v2\/pages"}],"about":[{"href":"https:\/\/clubcecare.fr\/index.php?rest_route=\/wp\/v2\/types\/page"}],"author":[{"embeddable":true,"href":"https:\/\/clubcecare.fr\/index.php?rest_route=\/wp\/v2\/users\/1"}],"replies":[{"embeddable":true,"href":"https:\/\/clubcecare.fr\/index.php?rest_route=%2Fwp%2Fv2%2Fcomments&post=196"}],"version-history":[{"count":2,"href":"https:\/\/clubcecare.fr\/index.php?rest_route=\/wp\/v2\/pages\/196\/revisions"}],"predecessor-version":[{"id":350,"href":"https:\/\/clubcecare.fr\/index.php?rest_route=\/wp\/v2\/pages\/196\/revisions\/350"}],"wp:attachment":[{"href":"https:\/\/clubcecare.fr\/index.php?rest_route=%2Fwp%2Fv2%2Fmedia&parent=196"}],"curies":[{"name":"wp","href":"https:\/\/api.w.org\/{rel}","templated":true}]}}