{"id":255,"date":"2026-02-05T23:24:54","date_gmt":"2026-02-05T22:24:54","guid":{"rendered":"http:\/\/cecare.servicesit.eu\/?page_id=255"},"modified":"2026-04-17T17:48:54","modified_gmt":"2026-04-17T15:48:54","slug":"ecole-chiot-dordogne","status":"publish","type":"page","link":"https:\/\/clubcecare.fr\/ecole-chiot-dordogne\/","title":{"rendered":"L&rsquo;Ecole du Chiot"},"content":{"rendered":"\n<div class=\"wp-block-columns is-layout-flex wp-container-core-columns-is-layout-28f84493 wp-block-columns-is-layout-flex\">\n<div class=\"wp-block-column is-layout-flow wp-block-column-is-layout-flow\" style=\"flex-basis:66.66%\">\n<p>L\u2019\u00e9cole du chiot est ouverte \u00e0 partir de 2,5 mois et jusqu\u2019\u00e0 6 mois.<br>Tous les chiots doivent \u00eatre vaccin\u00e9s contre la toux du chenil.<br><br>Au travers du jeu, nous vous proposons de travailler des exercices qui rendront votre quotidien avec lui plus simple&nbsp;:<\/p>\n\n\n\n<ul class=\"wp-block-list\">\n<li>Le rappel<\/li>\n\n\n\n<li>La socialisation (aux voix, aux chiens et aux \u00e9trangers)<\/li>\n\n\n\n<li>La fixation sur le ma\u00eetre<\/li>\n\n\n\n<li>L\u2019analyse des signaux du chien<\/li>\n\n\n\n<li>La marche en laisse d\u00e9tendue<\/li>\n\n\n\n<li>La proprioception&nbsp;: travaill\u00e9e sur un parcours d\u00e9di\u00e9 au chiot.<\/li>\n\n\n\n<li>La confiance dans les humains et la stabilit\u00e9 (pas bouger) ainsi que quelques positions de base (assis et couch\u00e9)<\/li>\n<\/ul>\n<\/div>\n\n\n\n<div class=\"wp-block-column has-background is-layout-flow wp-block-column-is-layout-flow\" style=\"background-color:#7b5b45;padding-top:5px;padding-right:5px;padding-bottom:5px;padding-left:5px;flex-basis:33.33%\">\n<h4 class=\"wp-block-heading has-text-color has-link-color wp-elements-979e9de4724d1e76c77e529b05d533f8\" style=\"color:#f6f4ee\"><strong>Le cartable du chiot<\/strong><\/h4>\n\n\n\n<p class=\"has-text-color has-link-color wp-elements-2f01e70dcb8075f3b45da9464b8e8ca1\" style=\"color:#f6f4ee\">Pour venir \u00e0 l\u2019\u00e9cole, le cartable du chiot doit comporter&nbsp;:<\/p>\n\n\n\n<ul class=\"wp-block-list\">\n<li class=\"has-text-color has-link-color wp-elements-7eed7b5c01bc9f10a91b885288b071b8\" style=\"color:#f6f4ee\">1 laisse de 110 cm a 140cm,<\/li>\n\n\n\n<li class=\"has-text-color has-link-color wp-elements-73b14f79009230aa6263c0870691675a\" style=\"color:#f6f4ee\">1 collier plat,<\/li>\n\n\n\n<li class=\"has-text-color has-link-color wp-elements-920465b6aaacd10e6169817b35b5e119\" style=\"color:#f6f4ee\">1 gamelle avec de l\u2019eau,<\/li>\n\n\n\n<li class=\"has-text-color has-link-color wp-elements-4dd44e84b8311a217088612bcf61276a\" style=\"color:#f6f4ee\">1 jouet,<\/li>\n\n\n\n<li class=\"has-text-color has-link-color wp-elements-6877eb55419caa88201a5804ec606ded\" style=\"color:#f6f4ee\">des friandises,<\/li>\n\n\n\n<li class=\"has-text-color has-link-color wp-elements-bd15a61f5017c9eb8ac714d5613dd576\" style=\"color:#f6f4ee\">des poches \u00e0 d\u00e9jections.<\/li>\n<\/ul>\n\n\n\n<p class=\"has-text-color has-link-color has-small-font-size wp-elements-d82364e56c8be9247b32a61d32dda48f\" style=\"color:#f6f4ee\">Le ma\u00eetre doit \u00eatre muni des documents du chien.<br>Le chiot doit faire certaines acquisitions avant l\u2019\u00e2ge de 6 mois.<\/p>\n<\/div>\n<\/div>\n\n\n\n<p>Ces apprentissages faciliteront son int\u00e9gration dans la vie avec sa famille et la soci\u00e9t\u00e9.<\/p>\n\n\n\n<p>Le jeu est un support important et n\u00e9cessaire \u00e0 l\u2019\u00e9ducation de votre chiot. La bienveillance, la joie et la r\u00e9compense aussi (friandises, encouragements, f\u00e9licitations, etc\u2026).<\/p>\n\n\n\n<p>En r\u00e9sum\u00e9 l\u2019\u00e9ducation positive et vos f\u00e9licitations stimuleront votre chiot&nbsp;et cr\u00e9eront un lien de complicit\u00e9 avec vous !<\/p>\n\n\n\n<hr class=\"wp-block-separator has-alpha-channel-opacity\"\/>\n\n\n\n<p class=\"has-background\" style=\"background-color:#a99182\">R\u00e9server vos cours<\/p>\n\n\n<p>Connecte-toi pour voir tes r\u00e9servations.<\/p>\n\n\n\n<hr class=\"wp-block-separator has-alpha-channel-opacity\"\/>\n\n\n<style>\n.apa-member-week a,\n.apa-member-week a:visited,\n.apa-member-week a:hover,\n.apa-member-week a:focus {\n    color: #000 !important;\n}\n.apa-member-week .button,\n.apa-member-week .button:visited,\n.apa-member-week .button:hover,\n.apa-member-week .button:focus {\n    color: #000 !important;\n}\n<\/style><div class=\"apa-member-week\" id=\"apa-member-week\"><div style=\"display:flex;justify-content:space-between;align-items:center;gap:12px;flex-wrap:wrap;margin-bottom:12px;\"><h3 style=\"margin:0;font-size:22px;line-height:1.2;\">Planning adh\u00e9rents \u2013 vue semaine<\/h3><div style=\"display:flex;gap:8px;align-items:center;flex-wrap:wrap;\"><a class=\"button\" href=\"https:\/\/clubcecare.fr\/ecole-chiot-dordogne\/?apa_member_week=2026-04-06#apa-member-week\"><span style=\"color:#000;\">\u2190 Semaine pr\u00e9c\u00e9dente<\/span><\/a><strong style=\"font-size:14px;\">13\/04\/2026 \u2192 19\/04\/2026<\/strong><a class=\"button\" href=\"https:\/\/clubcecare.fr\/ecole-chiot-dordogne\/?apa_member_week=2026-04-20#apa-member-week\"><span style=\"color:#000;\">Semaine suivante \u2192<\/span><\/a><\/div><\/div><p style=\"margin:0 0 12px 0;font-size:13px;\">R\u00e9servation autoris\u00e9e jusqu\u2019\u00e0 <strong>30 jour(s)<\/strong> \u00e0 l\u2019avance.<\/p><p>Aucun cr\u00e9neau adh\u00e9rent sur cette semaine.<\/p><\/div>\n\n\n\n<p><\/p>\n","protected":false},"excerpt":{"rendered":"<p>L\u2019\u00e9cole du chiot est ouverte \u00e0 partir de 2,5 mois et jusqu\u2019\u00e0 6 mois.Tous les chiots doivent \u00eatre vaccin\u00e9s contre la toux du chenil. Au travers du jeu, nous vous proposons de travailler des exercices qui rendront votre quotidien avec lui plus simple&nbsp;: Le cartable du chiot Pour venir \u00e0 l\u2019\u00e9cole, le cartable du chiot [&hellip;]<\/p>\n","protected":false},"author":1,"featured_media":0,"parent":0,"menu_order":0,"comment_status":"closed","ping_status":"closed","template":"page-with-no-sidebar","meta":{"footnotes":""},"class_list":["post-255","page","type-page","status-publish","hentry"],"_links":{"self":[{"href":"https:\/\/clubcecare.fr\/wp-json\/wp\/v2\/pages\/255","targetHints":{"allow":["GET"]}}],"collection":[{"href":"https:\/\/clubcecare.fr\/wp-json\/wp\/v2\/pages"}],"about":[{"href":"https:\/\/clubcecare.fr\/wp-json\/wp\/v2\/types\/page"}],"author":[{"embeddable":true,"href":"https:\/\/clubcecare.fr\/wp-json\/wp\/v2\/users\/1"}],"replies":[{"embeddable":true,"href":"https:\/\/clubcecare.fr\/wp-json\/wp\/v2\/comments?post=255"}],"version-history":[{"count":1,"href":"https:\/\/clubcecare.fr\/wp-json\/wp\/v2\/pages\/255\/revisions"}],"predecessor-version":[{"id":487,"href":"https:\/\/clubcecare.fr\/wp-json\/wp\/v2\/pages\/255\/revisions\/487"}],"wp:attachment":[{"href":"https:\/\/clubcecare.fr\/wp-json\/wp\/v2\/media?parent=255"}],"curies":[{"name":"wp","href":"https:\/\/api.w.org\/{rel}","templated":true}]}}