{"id":264,"date":"2026-02-05T23:38:09","date_gmt":"2026-02-05T22:38:09","guid":{"rendered":"http:\/\/cecare.servicesit.eu\/?page_id=264"},"modified":"2026-02-05T23:38:09","modified_gmt":"2026-02-05T22:38:09","slug":"cours-deducation","status":"publish","type":"page","link":"https:\/\/clubcecare.fr\/?page_id=264","title":{"rendered":"Cours d&rsquo;Education"},"content":{"rendered":"\n<div class=\"wp-block-columns is-layout-flex wp-container-core-columns-is-layout-28f84493 wp-block-columns-is-layout-flex\">\n<div class=\"wp-block-column is-layout-flow wp-block-column-is-layout-flow\" style=\"flex-basis:66.66%\">\n<h4 class=\"wp-block-heading\"><strong>Le principe de l&rsquo;\u00e9ducation<\/strong><\/h4>\n\n\n\n<p>Nos moniteurs vous guideront pour \u00e9duquer votre chien et mieux le comprendre. Ils vous transmettront leurs connaissances afin de renforcer le bin\u00f4me ma\u00eetre chien. Motivation et complicit\u00e9 sont les bases de l\u2019\u00e9ducation positive.<\/p>\n\n\n\n<p>Ce travail ma\u00eetre chien est la continuit\u00e9 de l\u2019\u00e9cole du chiot, mais il n\u2019y a pas d\u2019\u00e2ge pour commencer.<\/p>\n\n\n\n<p>Tous les chiens doivent \u00eatre vaccin\u00e9s contre la toux du chenil.<\/p>\n<\/div>\n\n\n\n<div class=\"wp-block-column has-background is-layout-flow wp-block-column-is-layout-flow\" style=\"background-color:#7b5b45;padding-top:5px;padding-right:5px;padding-bottom:5px;padding-left:5px;flex-basis:33.33%\">\n<h4 class=\"wp-block-heading has-text-color has-link-color wp-elements-f436627590478bdaecd67ed4cdb8b849\" style=\"color:#f6f4ee\"><strong>Le cartable du chien<\/strong><\/h4>\n\n\n\n<p class=\"has-text-color has-link-color wp-elements-9f4066e6c6c81dd507e9efb7f29ba373\" style=\"color:#f6f4ee\">Pour venir au cours, votre chien doit avoir&nbsp;:<\/p>\n\n\n\n<ul class=\"wp-block-list\">\n<li class=\"has-text-color has-link-color wp-elements-ee1c1774bc5ce5ae673914c766180901\" style=\"color:#f6f4ee\">1 laisse de 110 cm,<\/li>\n\n\n\n<li class=\"has-text-color has-link-color wp-elements-73b14f79009230aa6263c0870691675a\" style=\"color:#f6f4ee\">1 collier plat,<\/li>\n\n\n\n<li class=\"has-text-color has-link-color wp-elements-920465b6aaacd10e6169817b35b5e119\" style=\"color:#f6f4ee\">1 gamelle avec de l\u2019eau,<\/li>\n\n\n\n<li class=\"has-text-color has-link-color wp-elements-4dd44e84b8311a217088612bcf61276a\" style=\"color:#f6f4ee\">1 jouet,<\/li>\n\n\n\n<li class=\"has-text-color has-link-color wp-elements-6877eb55419caa88201a5804ec606ded\" style=\"color:#f6f4ee\">des friandises,<\/li>\n\n\n\n<li class=\"has-text-color has-link-color wp-elements-bd15a61f5017c9eb8ac714d5613dd576\" style=\"color:#f6f4ee\">des poches \u00e0 d\u00e9jections.<\/li>\n<\/ul>\n\n\n\n<p class=\"has-text-color has-link-color wp-elements-b95e85331b4f35947a3ee7df06048733\" style=\"color:#f6f4ee\">Le ma\u00eetre doit \u00eatre muni des documents du chien.<\/p>\n<\/div>\n<\/div>\n\n\n\n<hr class=\"wp-block-separator has-alpha-channel-opacity\"\/>\n\n\n\n<p class=\"has-background\" style=\"background-color:#a99182\">R\u00e9server vos cours<\/p>\n\n\n<p>Connecte-toi pour voir tes r\u00e9servations.<\/p>\n\n\n\n<hr class=\"wp-block-separator has-alpha-channel-opacity\"\/>\n\n\n<style>\n.apa-member-week a,\n.apa-member-week a:visited,\n.apa-member-week a:hover,\n.apa-member-week a:focus {\n    color: #000 !important;\n}\n.apa-member-week .button,\n.apa-member-week .button:visited,\n.apa-member-week .button:hover,\n.apa-member-week .button:focus {\n    color: #000 !important;\n}\n<\/style><div class=\"apa-member-week\" id=\"apa-member-week\"><div style=\"display:flex;justify-content:space-between;align-items:center;gap:12px;flex-wrap:wrap;margin-bottom:12px;\"><h3 style=\"margin:0;font-size:22px;line-height:1.2;\">Planning adh\u00e9rents \u2013 vue semaine<\/h3><div style=\"display:flex;gap:8px;align-items:center;flex-wrap:wrap;\"><a class=\"button\" href=\"https:\/\/clubcecare.fr\/?page_id=264&#038;apa_member_week=2026-04-06#apa-member-week\"><span style=\"color:#000;\">\u2190 Semaine pr\u00e9c\u00e9dente<\/span><\/a><strong style=\"font-size:14px;\">13\/04\/2026 \u2192 19\/04\/2026<\/strong><a class=\"button\" href=\"https:\/\/clubcecare.fr\/?page_id=264&#038;apa_member_week=2026-04-20#apa-member-week\"><span style=\"color:#000;\">Semaine suivante \u2192<\/span><\/a><\/div><\/div><p style=\"margin:0 0 12px 0;font-size:13px;\">R\u00e9servation autoris\u00e9e jusqu\u2019\u00e0 <strong>30 jour(s)<\/strong> \u00e0 l\u2019avance.<\/p><p>Aucun cr\u00e9neau adh\u00e9rent sur cette semaine.<\/p><\/div>\n","protected":false},"excerpt":{"rendered":"<p>Le principe de l&rsquo;\u00e9ducation Nos moniteurs vous guideront pour \u00e9duquer votre chien et mieux le comprendre. Ils vous transmettront leurs connaissances afin de renforcer le bin\u00f4me ma\u00eetre chien. Motivation et complicit\u00e9 sont les bases de l\u2019\u00e9ducation positive. Ce travail ma\u00eetre chien est la continuit\u00e9 de l\u2019\u00e9cole du chiot, mais il n\u2019y a pas d\u2019\u00e2ge pour [&hellip;]<\/p>\n","protected":false},"author":1,"featured_media":0,"parent":0,"menu_order":0,"comment_status":"closed","ping_status":"closed","template":"page-with-no-sidebar","meta":{"footnotes":""},"class_list":["post-264","page","type-page","status-publish","hentry"],"_links":{"self":[{"href":"https:\/\/clubcecare.fr\/index.php?rest_route=\/wp\/v2\/pages\/264","targetHints":{"allow":["GET"]}}],"collection":[{"href":"https:\/\/clubcecare.fr\/index.php?rest_route=\/wp\/v2\/pages"}],"about":[{"href":"https:\/\/clubcecare.fr\/index.php?rest_route=\/wp\/v2\/types\/page"}],"author":[{"embeddable":true,"href":"https:\/\/clubcecare.fr\/index.php?rest_route=\/wp\/v2\/users\/1"}],"replies":[{"embeddable":true,"href":"https:\/\/clubcecare.fr\/index.php?rest_route=%2Fwp%2Fv2%2Fcomments&post=264"}],"version-history":[{"count":0,"href":"https:\/\/clubcecare.fr\/index.php?rest_route=\/wp\/v2\/pages\/264\/revisions"}],"wp:attachment":[{"href":"https:\/\/clubcecare.fr\/index.php?rest_route=%2Fwp%2Fv2%2Fmedia&parent=264"}],"curies":[{"name":"wp","href":"https:\/\/api.w.org\/{rel}","templated":true}]}}